{"id":13,"date":"2017-03-28T09:51:42","date_gmt":"2017-03-28T09:51:42","guid":{"rendered":"http:\/\/sk-ce.com\/?page_id=13"},"modified":"2021-07-06T16:11:17","modified_gmt":"2021-07-06T16:11:17","slug":"sk-ce","status":"publish","type":"page","link":"https:\/\/sk-ce.com\/","title":{"rendered":"home"},"content":{"rendered":"<p>Willkommen auf der Internetpr\u00e4senz meines Ingenieurb\u00fcros f\u00fcr Bauwesen!<\/p>\n<p>&nbsp;<\/p>\n","protected":false},"excerpt":{"rendered":"<p>Willkommen auf der Internetpr\u00e4senz meines Ingenieurb\u00fcros f\u00fcr Bauwesen! &nbsp;<\/p>\n","protected":false},"author":1,"featured_media":0,"parent":0,"menu_order":0,"comment_status":"closed","ping_status":"closed","template":"","meta":{"footnotes":""},"class_list":["post-13","page","type-page","status-publish","hentry"],"_links":{"self":[{"href":"https:\/\/sk-ce.com\/index.php?rest_route=\/wp\/v2\/pages\/13","targetHints":{"allow":["GET"]}}],"collection":[{"href":"https:\/\/sk-ce.com\/index.php?rest_route=\/wp\/v2\/pages"}],"about":[{"href":"https:\/\/sk-ce.com\/index.php?rest_route=\/wp\/v2\/types\/page"}],"author":[{"embeddable":true,"href":"https:\/\/sk-ce.com\/index.php?rest_route=\/wp\/v2\/users\/1"}],"replies":[{"embeddable":true,"href":"https:\/\/sk-ce.com\/index.php?rest_route=%2Fwp%2Fv2%2Fcomments&post=13"}],"version-history":[{"count":12,"href":"https:\/\/sk-ce.com\/index.php?rest_route=\/wp\/v2\/pages\/13\/revisions"}],"predecessor-version":[{"id":171,"href":"https:\/\/sk-ce.com\/index.php?rest_route=\/wp\/v2\/pages\/13\/revisions\/171"}],"wp:attachment":[{"href":"https:\/\/sk-ce.com\/index.php?rest_route=%2Fwp%2Fv2%2Fmedia&parent=13"}],"curies":[{"name":"wp","href":"https:\/\/api.w.org\/{rel}","templated":true}]}}