{"id":17,"date":"2017-03-28T12:11:00","date_gmt":"2017-03-28T12:11:00","guid":{"rendered":"http:\/\/sk-ce.com\/?page_id=17"},"modified":"2021-07-06T16:23:48","modified_gmt":"2021-07-06T16:23:48","slug":"ueber-uns","status":"publish","type":"page","link":"https:\/\/sk-ce.com\/?page_id=17","title":{"rendered":"\u00fcber mich"},"content":{"rendered":"<p>das am 04.04.2004 gegr\u00fcndete B\u00fcro <em><strong>SK<\/strong><\/em>-civil engineers<br \/>\nf\u00fchre ich &#8211; Dipl.-Ing. Jens <em><strong>K<\/strong><\/em>eidel &#8211; nach dem Ableben meines<br \/>\nPartners Wolfgang <em><strong>S<\/strong><\/em>artorius im M\u00e4rz 2020<br \/>\nnun allein weiter.<\/p>\n<p>Ich verf\u00fcge \u00fcber langj\u00e4hrige Erfahrungen als CAD-Konstrukteur im Bauwesen haupts\u00e4chlich im Industrie- und Anlagenbau aber auch im Wohn- und Gesellschaftsbau. Ich benutze bereits seit 1990 jeweils aktuelle CAD-Werkzeuge.<\/p>\n<p>&nbsp;<\/p>\n","protected":false},"excerpt":{"rendered":"<p>das am 04.04.2004 gegr\u00fcndete B\u00fcro SK-civil engineers f\u00fchre ich &#8211; Dipl.-Ing. Jens Keidel &#8211; nach dem Ableben meines Partners Wolfgang Sartorius im M\u00e4rz 2020 nun allein weiter. Ich verf\u00fcge \u00fcber langj\u00e4hrige Erfahrungen als CAD-Konstrukteur im Bauwesen haupts\u00e4chlich im Industrie- und Anlagenbau aber auch im Wohn- und Gesellschaftsbau. Ich benutze bereits seit 1990 jeweils aktuelle CAD-Werkzeuge. &hellip; <\/p>\n<p class=\"link-more\"><a href=\"https:\/\/sk-ce.com\/?page_id=17\" class=\"more-link\"><span class=\"screen-reader-text\">&#8222;\u00fcber mich&#8220;<\/span> weiterlesen<\/a><\/p>\n","protected":false},"author":1,"featured_media":0,"parent":0,"menu_order":0,"comment_status":"closed","ping_status":"closed","template":"","meta":{"footnotes":""},"class_list":["post-17","page","type-page","status-publish","hentry"],"_links":{"self":[{"href":"https:\/\/sk-ce.com\/index.php?rest_route=\/wp\/v2\/pages\/17","targetHints":{"allow":["GET"]}}],"collection":[{"href":"https:\/\/sk-ce.com\/index.php?rest_route=\/wp\/v2\/pages"}],"about":[{"href":"https:\/\/sk-ce.com\/index.php?rest_route=\/wp\/v2\/types\/page"}],"author":[{"embeddable":true,"href":"https:\/\/sk-ce.com\/index.php?rest_route=\/wp\/v2\/users\/1"}],"replies":[{"embeddable":true,"href":"https:\/\/sk-ce.com\/index.php?rest_route=%2Fwp%2Fv2%2Fcomments&post=17"}],"version-history":[{"count":23,"href":"https:\/\/sk-ce.com\/index.php?rest_route=\/wp\/v2\/pages\/17\/revisions"}],"predecessor-version":[{"id":177,"href":"https:\/\/sk-ce.com\/index.php?rest_route=\/wp\/v2\/pages\/17\/revisions\/177"}],"wp:attachment":[{"href":"https:\/\/sk-ce.com\/index.php?rest_route=%2Fwp%2Fv2%2Fmedia&parent=17"}],"curies":[{"name":"wp","href":"https:\/\/api.w.org\/{rel}","templated":true}]}}