{"id":19,"date":"2017-03-28T12:11:00","date_gmt":"2017-03-28T12:11:00","guid":{"rendered":"http:\/\/sk-ce.com\/?page_id=19"},"modified":"2021-07-06T16:32:04","modified_gmt":"2021-07-06T16:32:04","slug":"leistungen","status":"publish","type":"page","link":"https:\/\/sk-ce.com\/?page_id=19","title":{"rendered":"Leistungen"},"content":{"rendered":"<p>Ich erstelle f\u00fcr Sie folgende Bauzeichnungen:<\/p>\n<ul>\n<li><strong>Entwurfs- und Baueingabepl\u00e4ne<\/strong> (basic engineering)<br \/>\n<strong>Schal- und Bewehrungspl\u00e4ne, Stahlbau\u00fcbersichten<\/strong> (detail engineering)<\/li>\n<\/ul>\n<p>Daf\u00fcr setze ich <strong>3D-CAD<\/strong>-Software ein:<br \/>\n<em>Nemetschek Allplan (Version 2020) <\/em><br \/>\n<em>Tekla Structures (Version 2020)<\/em><br \/>\n<em>FrameworksPlus (PDS-Stahlbaumodul V10) unter microstation J (V7)<br \/>\n<\/em><\/p>\n<p>Ich liefere und verarbeite dar\u00fcberhinaus auch AutoCAD-Formate.<\/p>\n<p>3D-Stahlbaumodelle und daraus abgeleitete Stahlbau\u00fcbersichten erstelle ich bereits seit 1997, Schalung und Bewehrung in 3D seit 1998.<\/p>\n<p>Profitieren Sie von meinen Erfahrungen, sprechen Sie mich an!<\/p>\n<p>&nbsp;<\/p>\n<p>&nbsp;<\/p>\n<p>&nbsp;<\/p>\n<p>&nbsp;<\/p>\n","protected":false},"excerpt":{"rendered":"<p>Ich erstelle f\u00fcr Sie folgende Bauzeichnungen: Entwurfs- und Baueingabepl\u00e4ne (basic engineering) Schal- und Bewehrungspl\u00e4ne, Stahlbau\u00fcbersichten (detail engineering) Daf\u00fcr setze ich 3D-CAD-Software ein: Nemetschek Allplan (Version 2020) Tekla Structures (Version 2020) FrameworksPlus (PDS-Stahlbaumodul V10) unter microstation J (V7) Ich liefere und verarbeite dar\u00fcberhinaus auch AutoCAD-Formate. 3D-Stahlbaumodelle und daraus abgeleitete Stahlbau\u00fcbersichten erstelle ich bereits seit 1997, Schalung &hellip; <\/p>\n<p class=\"link-more\"><a href=\"https:\/\/sk-ce.com\/?page_id=19\" class=\"more-link\"><span class=\"screen-reader-text\">&#8222;Leistungen&#8220;<\/span> weiterlesen<\/a><\/p>\n","protected":false},"author":1,"featured_media":0,"parent":0,"menu_order":0,"comment_status":"closed","ping_status":"closed","template":"","meta":{"footnotes":""},"class_list":["post-19","page","type-page","status-publish","hentry"],"_links":{"self":[{"href":"https:\/\/sk-ce.com\/index.php?rest_route=\/wp\/v2\/pages\/19","targetHints":{"allow":["GET"]}}],"collection":[{"href":"https:\/\/sk-ce.com\/index.php?rest_route=\/wp\/v2\/pages"}],"about":[{"href":"https:\/\/sk-ce.com\/index.php?rest_route=\/wp\/v2\/types\/page"}],"author":[{"embeddable":true,"href":"https:\/\/sk-ce.com\/index.php?rest_route=\/wp\/v2\/users\/1"}],"replies":[{"embeddable":true,"href":"https:\/\/sk-ce.com\/index.php?rest_route=%2Fwp%2Fv2%2Fcomments&post=19"}],"version-history":[{"count":12,"href":"https:\/\/sk-ce.com\/index.php?rest_route=\/wp\/v2\/pages\/19\/revisions"}],"predecessor-version":[{"id":178,"href":"https:\/\/sk-ce.com\/index.php?rest_route=\/wp\/v2\/pages\/19\/revisions\/178"}],"wp:attachment":[{"href":"https:\/\/sk-ce.com\/index.php?rest_route=%2Fwp%2Fv2%2Fmedia&parent=19"}],"curies":[{"name":"wp","href":"https:\/\/api.w.org\/{rel}","templated":true}]}}